{"id":885,"date":"2017-10-12T14:10:51","date_gmt":"2017-10-12T14:10:51","guid":{"rendered":"http:\/\/esc-ind.com\/?page_id=885"},"modified":"2019-01-10T14:32:30","modified_gmt":"2019-01-10T09:02:30","slug":"partners","status":"publish","type":"page","link":"https:\/\/esc-ind.com\/de\/services\/partners\/","title":{"rendered":"Netzwerk"},"content":{"rendered":"<p>Wir glauben, dass unsere Kunden optimale Leistungen zur Optimierung ihrer Gesch\u00e4ftsprozesse erhalten sollten. Wir verfolgen daher das Motto, als internationales Team zusammen zu arbeiten, um den Erfolg der ausgelagerten T\u00e4tigkeiten im Rahmen der Erwartungen der Kunden zu gew\u00e4hrleisten.<\/p>\r\n<p>Daher arbeiten unsere Schwestergesellschaften partnerschaftlich zusammen und sind in unmittelbare n\u00e4he der Kundenstandorten gut erreichbar.<\/p>","protected":false},"excerpt":{"rendered":"<p>Wir glauben, dass unsere Kunden optimale Leistungen zur Optimierung ihrer Gesch\u00e4ftsprozesse erhalten sollten. Wir verfolgen daher das Motto, als internationales Team zusammen zu arbeiten, um den Erfolg der ausgelagerten T\u00e4tigkeiten im Rahmen der Erwartungen der Kunden zu gew\u00e4hrleisten. Daher arbeiten unsere Schwestergesellschaften partnerschaftlich zusammen und sind in unmittelbare n\u00e4he der Kundenstandorten gut erreichbar.<\/p>\n","protected":false},"author":1,"featured_media":888,"parent":573,"menu_order":0,"comment_status":"closed","ping_status":"closed","template":"template-innerpage.php","meta":{"footnotes":""},"class_list":["post-885","page","type-page","status-publish","has-post-thumbnail","hentry"],"_links":{"self":[{"href":"https:\/\/esc-ind.com\/de\/wp-json\/wp\/v2\/pages\/885","targetHints":{"allow":["GET"]}}],"collection":[{"href":"https:\/\/esc-ind.com\/de\/wp-json\/wp\/v2\/pages"}],"about":[{"href":"https:\/\/esc-ind.com\/de\/wp-json\/wp\/v2\/types\/page"}],"author":[{"embeddable":true,"href":"https:\/\/esc-ind.com\/de\/wp-json\/wp\/v2\/users\/1"}],"replies":[{"embeddable":true,"href":"https:\/\/esc-ind.com\/de\/wp-json\/wp\/v2\/comments?post=885"}],"version-history":[{"count":19,"href":"https:\/\/esc-ind.com\/de\/wp-json\/wp\/v2\/pages\/885\/revisions"}],"predecessor-version":[{"id":1246,"href":"https:\/\/esc-ind.com\/de\/wp-json\/wp\/v2\/pages\/885\/revisions\/1246"}],"up":[{"embeddable":true,"href":"https:\/\/esc-ind.com\/de\/wp-json\/wp\/v2\/pages\/573"}],"wp:featuredmedia":[{"embeddable":true,"href":"https:\/\/esc-ind.com\/de\/wp-json\/wp\/v2\/media\/888"}],"wp:attachment":[{"href":"https:\/\/esc-ind.com\/de\/wp-json\/wp\/v2\/media?parent=885"}],"curies":[{"name":"wp","href":"https:\/\/api.w.org\/{rel}","templated":true}]}}