{"id":730,"date":"2017-08-03T13:56:30","date_gmt":"2017-08-03T13:56:30","guid":{"rendered":"http:\/\/esc-ind.com\/?page_id=730"},"modified":"2019-09-25T07:34:15","modified_gmt":"2019-09-25T02:04:15","slug":"employee-portal","status":"publish","type":"page","link":"https:\/\/esc-ind.com\/de\/organization\/employee-portal\/","title":{"rendered":"Mitarbeiterportal"},"content":{"rendered":"<p><span class=\"tlid-translation translation\" lang=\"de\"><span class=\"\" title=\"\">Als professioneller IT-Dienstleister halten wir die Augen offen f\u00fcr die neuesten Anwendungen und Technologien, mit denen wir auch die Effizienz und Produktivit\u00e4t unserer Abl\u00e4ufe steigern k\u00f6nnen.<\/span> <span class=\"\" title=\"\">Wenn relevante Anwendungen verf\u00fcgbar sind, testen und verwenden wir diese.<\/span><br \/>\r\n <br \/>\r\n <span class=\"\" title=\"\">Unsere Mitarbeiter sollen mit ihrer Organisation verbunden bleiben.<\/span> <span class=\"\" title=\"\">Aus diesem Grund haben wir ein Cloud-basiertes Portal eingerichtet, um die Nutzung unseres pers\u00f6nlichen Verwaltungssystems zu vereinfachen.<\/span><\/span><\/p>\r\n<p>&nbsp;<\/p>\r\n<p style=\"text-align: center;\"><span class=\"tlid-translation translation\" lang=\"de\"><span class=\"\" title=\"\">Klicken Sie auf das Symbol, um auf unser Mitarbeiterportal zuzugreifen (Zugriff nur f\u00fcr unsere Mitarbeiter!).<\/span><\/span><\/p>\r\n<p style=\"padding-left: 30px; text-align: center;\"><a href=\"https:\/\/esc.greythr.com\/login.do\" target=\"_blank\" rel=\"noopener\">\u00a0 <\/a><a href=\"https:\/\/esc.greythr.com\" target=\"_blank\" rel=\"noopener\"><img loading=\"lazy\" decoding=\"async\" class=\"aligncenter wp-image-226 size-full\" src=\"https:\/\/esc-ind.com\/wp-content\/uploads\/2017\/03\/QR-Code-GooglePlay-e1501768550430.jpg\" alt=\"\" width=\"62\" height=\"61\" \/><\/a><\/p>\r\n<p style=\"padding-left: 30px;\"><img loading=\"lazy\" decoding=\"async\" class=\"wp-image-826  alignnone\" src=\"http:\/\/esc-ind.com\/wp-content\/uploads\/2017\/08\/Employeeportal-1-150x150.jpg\" alt=\"\" width=\"146\" height=\"146\" \/> <img loading=\"lazy\" decoding=\"async\" class=\"wp-image-827  alignnone\" src=\"http:\/\/esc-ind.com\/wp-content\/uploads\/2017\/08\/IMG-20170809-WA0024-150x150.jpg\" alt=\"\" width=\"146\" height=\"146\" \/> <img loading=\"lazy\" decoding=\"async\" class=\"alignnone wp-image-1252 \" src=\"https:\/\/esc-ind.com\/wp-content\/uploads\/2017\/08\/20180212_135321-300x225.jpg\" alt=\"\" width=\"196\" height=\"147\" srcset=\"https:\/\/esc-ind.com\/wp-content\/uploads\/2017\/08\/20180212_135321-300x225.jpg 300w, https:\/\/esc-ind.com\/wp-content\/uploads\/2017\/08\/20180212_135321-768x576.jpg 768w, https:\/\/esc-ind.com\/wp-content\/uploads\/2017\/08\/20180212_135321-1024x768.jpg 1024w\" sizes=\"auto, (max-width: 196px) 100vw, 196px\" \/> <img loading=\"lazy\" decoding=\"async\" class=\"wp-image-825  alignnone\" src=\"http:\/\/esc-ind.com\/wp-content\/uploads\/2017\/08\/ESC-Team-6-150x150.jpg\" alt=\"\" width=\"147\" height=\"147\" \/>\u00a0 <img loading=\"lazy\" decoding=\"async\" class=\"wp-image-828  alignnone\" src=\"http:\/\/esc-ind.com\/wp-content\/uploads\/2017\/08\/DSCF2631-150x150.jpg\" alt=\"\" width=\"147\" height=\"147\" \/><\/p>","protected":false},"excerpt":{"rendered":"<p>Als professioneller IT-Dienstleister halten wir die Augen offen f\u00fcr die neuesten Anwendungen und Technologien, mit denen wir auch die Effizienz und Produktivit\u00e4t unserer Abl\u00e4ufe steigern k\u00f6nnen. Wenn relevante Anwendungen verf\u00fcgbar sind, testen und verwenden wir diese. Unsere Mitarbeiter sollen mit ihrer Organisation verbunden bleiben. Aus diesem Grund haben wir ein Cloud-basiertes Portal eingerichtet, um die [&hellip;]<\/p>\n","protected":false},"author":1,"featured_media":681,"parent":576,"menu_order":0,"comment_status":"closed","ping_status":"closed","template":"template-innerpage.php","meta":{"footnotes":""},"class_list":["post-730","page","type-page","status-publish","has-post-thumbnail","hentry"],"_links":{"self":[{"href":"https:\/\/esc-ind.com\/de\/wp-json\/wp\/v2\/pages\/730","targetHints":{"allow":["GET"]}}],"collection":[{"href":"https:\/\/esc-ind.com\/de\/wp-json\/wp\/v2\/pages"}],"about":[{"href":"https:\/\/esc-ind.com\/de\/wp-json\/wp\/v2\/types\/page"}],"author":[{"embeddable":true,"href":"https:\/\/esc-ind.com\/de\/wp-json\/wp\/v2\/users\/1"}],"replies":[{"embeddable":true,"href":"https:\/\/esc-ind.com\/de\/wp-json\/wp\/v2\/comments?post=730"}],"version-history":[{"count":25,"href":"https:\/\/esc-ind.com\/de\/wp-json\/wp\/v2\/pages\/730\/revisions"}],"predecessor-version":[{"id":1312,"href":"https:\/\/esc-ind.com\/de\/wp-json\/wp\/v2\/pages\/730\/revisions\/1312"}],"up":[{"embeddable":true,"href":"https:\/\/esc-ind.com\/de\/wp-json\/wp\/v2\/pages\/576"}],"wp:featuredmedia":[{"embeddable":true,"href":"https:\/\/esc-ind.com\/de\/wp-json\/wp\/v2\/media\/681"}],"wp:attachment":[{"href":"https:\/\/esc-ind.com\/de\/wp-json\/wp\/v2\/media?parent=730"}],"curies":[{"name":"wp","href":"https:\/\/api.w.org\/{rel}","templated":true}]}}