{"id":644,"date":"2017-08-03T09:16:43","date_gmt":"2017-08-03T09:16:43","guid":{"rendered":"http:\/\/esc-ind.com\/?page_id=644"},"modified":"2024-08-16T11:28:09","modified_gmt":"2024-08-16T05:58:09","slug":"openings","status":"publish","type":"page","link":"https:\/\/esc-ind.com\/de\/careers\/openings\/","title":{"rendered":"Offene Stellen"},"content":{"rendered":"ESC Utility Services Pvt. Ltd. geh\u00f6rt zu ISI Consulting Group, Deutschland (<a href=\"http:\/\/www.isi-cg.com\" target=\"_blank\" rel=\"noopener noreferrer\">www.isi-cg.com<\/a>). Wir sind f\u00fcr unsere Kompetenz bei der Bereitstellung von Managementleistungen und technischen Beratungs- und Support-Leistungen in ganz Deutschland bekannt, vor allem bei SAP-basierten Software-l\u00f6sungen.\r\n\r\nWir sind ein Nischenanbieter im Bereich der Bereitstellung von Gesch\u00e4ftsprozessleistungen f\u00fcr \u00f6ffentliche Versorgungsunternehmen aus der Strom-, Wasser-, Gaswirtschaft in Deutschland.","protected":false},"excerpt":{"rendered":"<p>ESC Utility Services Pvt. Ltd. geh\u00f6rt zu ISI Consulting Group, Deutschland (www.isi-cg.com). Wir sind f\u00fcr unsere Kompetenz bei der Bereitstellung von Managementleistungen und technischen Beratungs- und Support-Leistungen in ganz Deutschland bekannt, vor allem bei SAP-basierten Software-l\u00f6sungen. Wir sind ein Nischenanbieter im Bereich der Bereitstellung von Gesch\u00e4ftsprozessleistungen f\u00fcr \u00f6ffentliche Versorgungsunternehmen aus der Strom-, Wasser-, Gaswirtschaft in [&hellip;]<\/p>\n","protected":false},"author":1,"featured_media":668,"parent":640,"menu_order":0,"comment_status":"closed","ping_status":"closed","template":"template-innerpage.php","meta":{"footnotes":""},"class_list":["post-644","page","type-page","status-publish","has-post-thumbnail","hentry"],"_links":{"self":[{"href":"https:\/\/esc-ind.com\/de\/wp-json\/wp\/v2\/pages\/644","targetHints":{"allow":["GET"]}}],"collection":[{"href":"https:\/\/esc-ind.com\/de\/wp-json\/wp\/v2\/pages"}],"about":[{"href":"https:\/\/esc-ind.com\/de\/wp-json\/wp\/v2\/types\/page"}],"author":[{"embeddable":true,"href":"https:\/\/esc-ind.com\/de\/wp-json\/wp\/v2\/users\/1"}],"replies":[{"embeddable":true,"href":"https:\/\/esc-ind.com\/de\/wp-json\/wp\/v2\/comments?post=644"}],"version-history":[{"count":59,"href":"https:\/\/esc-ind.com\/de\/wp-json\/wp\/v2\/pages\/644\/revisions"}],"predecessor-version":[{"id":1353,"href":"https:\/\/esc-ind.com\/de\/wp-json\/wp\/v2\/pages\/644\/revisions\/1353"}],"up":[{"embeddable":true,"href":"https:\/\/esc-ind.com\/de\/wp-json\/wp\/v2\/pages\/640"}],"wp:featuredmedia":[{"embeddable":true,"href":"https:\/\/esc-ind.com\/de\/wp-json\/wp\/v2\/media\/668"}],"wp:attachment":[{"href":"https:\/\/esc-ind.com\/de\/wp-json\/wp\/v2\/media?parent=644"}],"curies":[{"name":"wp","href":"https:\/\/api.w.org\/{rel}","templated":true}]}}