{"id":503,"date":"2017-07-27T09:29:52","date_gmt":"2017-07-27T09:29:52","guid":{"rendered":"http:\/\/esc-ind.com\/?page_id=503"},"modified":"2018-02-16T17:05:01","modified_gmt":"2018-02-16T11:35:01","slug":"data-security","status":"publish","type":"page","link":"https:\/\/esc-ind.com\/de\/organization\/data-security\/","title":{"rendered":"Datensicherheit"},"content":{"rendered":"<p>Wir und unsere Konzerngesellschaften nehmen die Anforderungen unserer Kunden in Bezug auf den Datenschutz sehr ernst. Zum Beispiel sind gem\u00e4\u00df \u00a7 9 BDSG alle Stellen, welche personenbezogene Daten verarbeiten, erheben oder nutzen, verpflichtet, technische bzw. organisatorische Ma\u00dfnahmen zu treffen, um zu gew\u00e4hrleisten, dass die Sicherheits- und Schutzanforderungen des BDSG erf\u00fcllt sind. Wir beachten die folgenden Regeln ohne Ausnahme, um die Daten unserer Kunden zu sch\u00fctzen.<\/p>","protected":false},"excerpt":{"rendered":"<p>Wir und unsere Konzerngesellschaften nehmen die Anforderungen unserer Kunden in Bezug auf den Datenschutz sehr ernst. Zum Beispiel sind gem\u00e4\u00df \u00a7 9 BDSG alle Stellen, welche personenbezogene Daten verarbeiten, erheben oder nutzen, verpflichtet, technische bzw. organisatorische Ma\u00dfnahmen zu treffen, um zu gew\u00e4hrleisten, dass die Sicherheits- und Schutzanforderungen des BDSG erf\u00fcllt sind. Wir beachten die folgenden [&hellip;]<\/p>\n","protected":false},"author":1,"featured_media":513,"parent":576,"menu_order":0,"comment_status":"closed","ping_status":"closed","template":"template-innerpage.php","meta":{"footnotes":""},"class_list":["post-503","page","type-page","status-publish","has-post-thumbnail","hentry"],"_links":{"self":[{"href":"https:\/\/esc-ind.com\/de\/wp-json\/wp\/v2\/pages\/503","targetHints":{"allow":["GET"]}}],"collection":[{"href":"https:\/\/esc-ind.com\/de\/wp-json\/wp\/v2\/pages"}],"about":[{"href":"https:\/\/esc-ind.com\/de\/wp-json\/wp\/v2\/types\/page"}],"author":[{"embeddable":true,"href":"https:\/\/esc-ind.com\/de\/wp-json\/wp\/v2\/users\/1"}],"replies":[{"embeddable":true,"href":"https:\/\/esc-ind.com\/de\/wp-json\/wp\/v2\/comments?post=503"}],"version-history":[{"count":23,"href":"https:\/\/esc-ind.com\/de\/wp-json\/wp\/v2\/pages\/503\/revisions"}],"predecessor-version":[{"id":1164,"href":"https:\/\/esc-ind.com\/de\/wp-json\/wp\/v2\/pages\/503\/revisions\/1164"}],"up":[{"embeddable":true,"href":"https:\/\/esc-ind.com\/de\/wp-json\/wp\/v2\/pages\/576"}],"wp:featuredmedia":[{"embeddable":true,"href":"https:\/\/esc-ind.com\/de\/wp-json\/wp\/v2\/media\/513"}],"wp:attachment":[{"href":"https:\/\/esc-ind.com\/de\/wp-json\/wp\/v2\/media?parent=503"}],"curies":[{"name":"wp","href":"https:\/\/api.w.org\/{rel}","templated":true}]}}