{"id":402,"date":"2017-07-07T07:48:41","date_gmt":"2017-07-07T07:48:41","guid":{"rendered":"http:\/\/esc-ind.com\/?page_id=402"},"modified":"2017-11-15T09:42:18","modified_gmt":"2017-11-15T09:42:18","slug":"data-protection","status":"publish","type":"page","link":"https:\/\/esc-ind.com\/de\/organization\/data-protection\/","title":{"rendered":"Datenschutz"},"content":{"rendered":"<h1><span style=\"color: #800000;\">Datenschutzerkl\u00e4rung<\/span><\/h1>\r\n<p>&nbsp;<\/p>\r\n<p><strong>Inhalt<\/strong><br \/>\r\n Diese Datenschutzerkl\u00e4rung gilt f\u00fcr ESC Utility Services Pvt. Ltd. Wir nehmen den Schutz Ihrer personenbezogenen Daten sehr ernst und halten uns strikt an die Regeln der Datenschutzgesetze. Personenbezogene Daten werden ohne explizite Einwilligung nur im technisch notwendigen Umfang oder zur Wartung und Verbesserung unseres Webauftritts erhoben und in keinem Fall verkauft oder aus anderen Gr\u00fcnden an Dritte au\u00dferhalb unseres Unternehmensverbundes oder unserer Dienstleister weitergegeben.<\/p>\r\n<p>Die nachfolgende Erkl\u00e4rung gibt Ihnen einen \u00dcberblick dar\u00fcber, wie wir diesen Schutz gew\u00e4hrleisten und welche Daten zu welchem Zweck erhoben, verarbeitet, genutzt und ggf. weitergegeben werden.<\/p>\r\n<p><strong>Datenverarbeitung auf dieser Webseite<\/strong><br \/>\r\n Ihr Besuch unserer Webseiten wird protokolliert. Erfasst werden im Wesentlichen folgende Daten, die Ihr Browser an uns \u00fcbermittelt:<br \/>\r\n die aktuell von Ihrem PC verwendete IP-Adresse, Datum und Uhrzeit, Browsertyp und -Version, das Betriebssystem Ihres PC, die von Ihnen betrachteten Seiten, Name und Gr\u00f6\u00dfe der angefragten Datei(en) sowie ggf. die URL der verweisenden Webseite.<\/p>\r\n<p>Ein Personenbezug ist uns im Regelfall nicht m\u00f6glich und auch nicht beabsichtigt.<br \/>\r\n Diese Daten werden nur f\u00fcr Zwecke der Datensicherheit und zur Optimierung unseres Webangebots sowie zur Fehleranalyse erhoben. Eine sonstige Auswertung der Daten, au\u00dfer f\u00fcr statistische Zwecke und dann grunds\u00e4tzlich in anonymisierter Form, erfolgt nicht. Es werden auch keine personenbezogenen Surfprofile oder \u00e4hnliches erstellt oder verarbeitet.<\/p>\r\n<p><strong>Kontaktdaten<\/strong><br \/>\r\n Dar\u00fcber hinaus werden pers\u00f6nliche Daten nur dann gespeichert, wenn Sie uns diese von sich aus in unserem Kontaktformular zwecks Kontaktaufnahme angeben. Diese Daten werden \u00fcber das Internet unverschl\u00fcsselt \u00fcbertragen, Sie sollten uns deshalb vertrauliche Informationen m\u00f6glichst nur auf dem Postweg zukommen lassen.<\/p>\r\n<p>Die personenbezogenen Daten, die Sie uns \u00fcber die Webseite oder per E-Mail mitteilen (z.B. Ihr Name, Ihre Adresse oder E-Mail-Adresse), werden nur zur Korrespondenz mit Ihnen und nur f\u00fcr den Zweck verarbeitet, zu dem Sie uns die Daten zur Verf\u00fcgung gestellt haben. Sie sind selbstverst\u00e4ndlich berechtigt, jederzeit dieser Nutzung Ihrer Daten gegen\u00fcber uns zu widersprechen.<\/p>\r\n<p>Diese Daten werden ggf. zur Auswertung an geeignete Dienstleister oder verbundene Unternehmen weitergeleitet. Wir versichern, dass wir Ihre personenbezogenen Daten dar\u00fcber hinaus nicht an Dritte weitergeben, es sei denn, dass wir dazu gesetzlich verpflichtet w\u00e4ren oder Sie uns vorher Ihre Zustimmung gegeben haben.<\/p>\r\n<p>Soweit wir zur Durchf\u00fchrung und Abwicklung von Verarbeitungsprozessen Dienstleister in Anspruch nehmen, werden die Vertragsverh\u00e4ltnisse nach den Bestimmungen des Bundesdatenschutzgesetzes geregelt. Insbesondere stellen wir sicher, dass in diesem Falle die Dritten auf das Datengeheimnis verpflichtet wurden, und dass dar\u00fcber hinaus alle zehn Punkte aus dem \u00a7 11 BDSG (\u201eVerarbeitung personenbezogener Daten im Auftrag\u201c) vertraglich geregelt sind. Log-Dateien werden in der Regel nur vom Administrator zur Fehlersuche und Fehleranalyse ausgewertet und sp\u00e4testens nach einem halben Jahr gel\u00f6scht.<\/p>\r\n<p><strong>Auskunftsrecht<\/strong><br \/>\r\n Wenn Sie uns personenbezogene Daten \u00fcberlassen haben und mit der Speicherung Ihrer Daten nicht mehr einverstanden sind oder diese unrichtig geworden sind, werden wir auf eine entsprechende Weisung hin die L\u00f6schung oder Sperrung Ihrer Daten veranlassen oder die notwendigen Korrekturen vornehmen (soweit dies nach dem geltenden Recht m\u00f6glich ist). Auf Wunsch erhalten Sie unentgeltlich Auskunft \u00fcber alle personenbezogenen Daten, die wir \u00fcber Sie gespeichert haben, es gen\u00fcgt dazu eine formlose Mitteilung an uns oder an unseren Datenschutzbeauftragten Herrn Arndt Halbach (s.u.).<\/p>\r\n<p><strong>Speicherung mitgeteilter Daten<\/strong><br \/>\r\n Personenbezogene Daten, die uns \u00fcber unsere Website mitgeteilt worden sind, werden nur so lange gespeichert, bis der Zweck erf\u00fcllt ist, zu dem sie uns anvertraut wurden. Soweit handels- und steuerrechtliche Aufbewahrungsfristen zu beachten sind, kann die Speicherdauer zu bestimmten Daten bis zu 10 Jahre betragen.<\/p>\r\n<p>Anwendbares Recht<br \/>\r\n F\u00fcr unsere T\u00e4tigkeit gilt Deutsches Recht.<\/p>\r\n<p><strong>Hinweise zu externen Links (\u201eDisclaimer\u201c)<\/strong><br \/>\r\n Soweit von dieser Website auf andere Websites Links gelegt sind, wird darauf hingewiesen, dass keinerlei Einfluss auf die Gestaltung und die Inhalte der gelinkten Seiten besteht und sich deren Inhalt nicht zu Eigen gemacht wird. Dies gilt f\u00fcr alle auf dieser Seite ausgebrachten externen Links und f\u00fcr alle Inhalte der Seiten, zu denen Werbemittel (z.B. Banner, Textanzeigen, Videoanzeigen) f\u00fchren. F\u00fcr verlinkte Seiten gilt, dass rechtswidrige Inhalte zum Zeitpunkt der Verlinkung nicht erkennbar waren. Die Links werden regelm\u00e4\u00dfig auf rechtswidrige Inhalte \u00fcberpr\u00fcft und bei Rechtsverletzungen umgehend entfernt.<\/p>\r\n<p><strong>Hinweis zur Verwendung von Cookies<\/strong><br \/>\r\n Wir verwenden auf unseren Webseiten keine Cookies.<\/p>\r\n<p><strong>Hinweis zu Sicherheit und Vertraulichkeit personenbezogener Daten<\/strong><br \/>\r\n Wir gew\u00e4hrleisten die Vertraulichkeit und Sicherheit Ihrer personenbezogenen Daten dadurch, dass wir Ihre pers\u00f6nlichen Daten, soweit Sie uns diese \u00fcber unsere Website oder im Rahmen der E Mail-Kommunikation mitteilen, nur zur Erf\u00fcllung Ihres Wunschs oder Anliegens verwenden, unsere Mitarbeiterinnen und Mitarbeiter Verschwiegenheitspflichten zu wahren haben, unsere Sicherheitsvorkehrungen in angemessenem Umfang dem aktuellen Stand der Technik entsprechen, unsere Systeme regelm\u00e4\u00dfig auf Sicherheit \u00fcberpr\u00fcft werden, damit wir nachhaltig vor etwaigen Sch\u00e4digungen, Verlusten und Zugriffen auf bei uns vorgehaltene Daten sch\u00fctzen k\u00f6nnen, und f\u00fcr die Beachtung der \u201eDatenschutzerkl\u00e4rung\u201c unser Datenschutzbeauftragter sorgt.<\/p>\r\n<p>Bitte beachten Sie, dass alle Informationen, die Sie uns per Email zusenden, nicht verschl\u00fcsselt sind (wie weiter oben schon erw\u00e4hnt), vertrauliche Daten sollten Sie uns deshalb nur auf dem Postweg zuschicken.<\/p>\r\n<p><strong>Hinweis zur Aktualit\u00e4t<\/strong><br \/>\r\n Alle auf dieser Website enthaltenen Informationen wurden mit gro\u00dfer Sorgfalt gepr\u00fcft. Wir \u00fcbernehmen jedoch keine Gew\u00e4hr daf\u00fcr, dass die Inhalte unserer eigenen Webseiten jederzeit korrekt, vollst\u00e4ndig und auf dem neuesten Stand sind.<\/p>\r\n<p>Soweit wir neue Produkte oder Dienstleistungen einf\u00fchren, Internet-Verfahren \u00e4ndern oder wenn sich die Internet- und EDV-Sicherheitstechnik weiterentwickelt, ist die \u201eDatenschutzerkl\u00e4rung\u201c zu aktualisieren. Wir behalten uns deshalb das Recht vor, die Erkl\u00e4rung nach Bedarf zu \u00e4ndern oder zu erg\u00e4nzen. Die \u00c4nderung werden wir an dieser Stelle ver\u00f6ffentlichen. Daher sollten Sie diese Website regelm\u00e4\u00dfig aufrufen, um sich \u00fcber den aktuellen Stand der Datenschutzerkl\u00e4rung zu informieren.<\/p>\r\n<p><strong>Hinweis zum Datenschutzbeauftragten<\/strong><br \/>\r\n Die ESC Utility Services Pvt. Ltd. hat einen externen Datenschutzbeauftragten bestellt, Herrn Arndt Halbach von der Fa. GINDAT GmbH (Gesellschaft f\u00fcr IT-Normierung und Datenschutz), zu erreichen \u00fcber unsere Datenschutz-Email-Adresse datenschutz.esc(at)energy-sc.de. Sollten Sie mit den hier dargestellten Ma\u00dfnahmen zum Datenschutz nicht zufrieden sein oder haben Sie noch Fragen betreffend der Erhebung, Verarbeitung und\/oder Nutzung Ihrer personenbezogenen Daten, so w\u00fcrden wir uns freuen, von Ihnen zu h\u00f6ren. Wir werden uns bem\u00fchen, Ihre Fragen so rasch wie m\u00f6glich zu beantworten und Ihre Anregungen umzusetzen, wenden Sie sich dazu einfach \u00fcber datenschutz.esc(at)energy-sc.de an unseren Datenschutzbeauftragten (Arndt Halbach).<\/p>\r\n<p><strong>Haftung f\u00fcr eigene Inhalte<\/strong><br \/>\r\n Die Inhalte dieser Seiten wurden mit gr\u00f6\u00dfter Sorgfalt erstellt. F\u00fcr die Richtigkeit, Vollst\u00e4ndigkeit und Aktualit\u00e4t der Inhalte k\u00f6nnen wir jedoch keine Gew\u00e4hr \u00fcbernehmen. Als Dienstanbieter sind wir gem. \u00a7 7 I TMG f\u00fcr eigene Inhalte auf diesen Seiten nach den allgemeinen Gesetzen verantwortlich.<\/p>\r\n<p style=\"text-align: center;\">Verantwortliche Stelle im Sinn des \u00a7 3 (7) BDSG:<br \/>\r\n<strong>ESC Utility Services Pvt. Ltd.<\/strong><br \/>\r\n<strong>SBC 2310, Yamuna Tower<\/strong><br \/>\r\n<strong>Technopark Phase 3 campus,<\/strong><br \/>\r\n<strong>Trivandrum, Kerala, <\/strong><br \/>\r\n<strong>695583 Indien<\/strong><\/p>","protected":false},"excerpt":{"rendered":"<p>Datenschutzerkl\u00e4rung &nbsp; Inhalt Diese Datenschutzerkl\u00e4rung gilt f\u00fcr ESC Utility Services Pvt. Ltd. Wir nehmen den Schutz Ihrer personenbezogenen Daten sehr ernst und halten uns strikt an die Regeln der Datenschutzgesetze. Personenbezogene Daten werden ohne explizite Einwilligung nur im technisch notwendigen Umfang oder zur Wartung und Verbesserung unseres Webauftritts erhoben und in keinem Fall verkauft oder [&hellip;]<\/p>\n","protected":false},"author":1,"featured_media":0,"parent":576,"menu_order":0,"comment_status":"closed","ping_status":"closed","template":"template-innerpage.php","meta":{"footnotes":""},"class_list":["post-402","page","type-page","status-publish","hentry"],"_links":{"self":[{"href":"https:\/\/esc-ind.com\/de\/wp-json\/wp\/v2\/pages\/402","targetHints":{"allow":["GET"]}}],"collection":[{"href":"https:\/\/esc-ind.com\/de\/wp-json\/wp\/v2\/pages"}],"about":[{"href":"https:\/\/esc-ind.com\/de\/wp-json\/wp\/v2\/types\/page"}],"author":[{"embeddable":true,"href":"https:\/\/esc-ind.com\/de\/wp-json\/wp\/v2\/users\/1"}],"replies":[{"embeddable":true,"href":"https:\/\/esc-ind.com\/de\/wp-json\/wp\/v2\/comments?post=402"}],"version-history":[{"count":12,"href":"https:\/\/esc-ind.com\/de\/wp-json\/wp\/v2\/pages\/402\/revisions"}],"predecessor-version":[{"id":960,"href":"https:\/\/esc-ind.com\/de\/wp-json\/wp\/v2\/pages\/402\/revisions\/960"}],"up":[{"embeddable":true,"href":"https:\/\/esc-ind.com\/de\/wp-json\/wp\/v2\/pages\/576"}],"wp:attachment":[{"href":"https:\/\/esc-ind.com\/de\/wp-json\/wp\/v2\/media?parent=402"}],"curies":[{"name":"wp","href":"https:\/\/api.w.org\/{rel}","templated":true}]}}