{"id":400,"date":"2017-07-07T07:48:17","date_gmt":"2017-07-07T07:48:17","guid":{"rendered":"http:\/\/esc-ind.com\/?page_id=400"},"modified":"2025-03-07T11:49:27","modified_gmt":"2025-03-07T06:19:27","slug":"imprint","status":"publish","type":"page","link":"https:\/\/esc-ind.com\/de\/imprint\/","title":{"rendered":"Impressum"},"content":{"rendered":"<p>ESC Utility Services Pvt. Ltd.<br \/>\r\n Module 2605, 6th Floor, Yamuna Tower,<br \/>\r\n Technopark phase III campus,<br \/>\r\n Trivandrum 695583, Kerala, Indien.<br \/>\r\n Telefon: +91 471 40660 71<br \/>\r\n E-Mail: info@esc-ind.com<\/p>\r\n<p><strong>Hauptsitz:<\/strong><br \/>\r\n ISI Consulting Group GmbH<br \/>\r\n Goltsteinstra\u00dfe 30-31<br \/>\r\n 40211 D\u00fcsseldorf<br \/>\r\n \u00a0<br \/>\r\n Telefon: 02 11 \/ 9 46 84 13-0<br \/>\r\n Telefax: 02 11 \/ 9 46 84 13-13<br \/>\r\n E-Mail: info@isi-cg.com<\/p>\r\n<p><strong>Gesch\u00e4ftsf\u00fchrung:<\/strong><br \/>\r\n Matthias Ulrich Niederpruem<br \/>\r\n Manoj Nirmala Sukumaran<\/p>\r\n<p>Amtsgericht: Trivandrum, India<br \/>\r\n Corporate Identity No.(CIN):U72200KL2014PTC035882<br \/>\r\n PAN: AADCE5866E GST: 32AADCE5866E1ZS<\/p>\r\n<p>Die Informationen auf unserer Website werden laufend aktualisiert und \u00fcberpr\u00fcft. Trotz gr\u00f6\u00dfter Sorgfalt kann jedoch keine Haftung oder Garantie f\u00fcr Richtigkeit, Aktualit\u00e4t und Vollst\u00e4ndigkeit der Informationen \u00fcbernommen werden. Alle Inhalte der Website sind urheberrechtlich gesch\u00fctzt. Bei direkten oder indirekten Verweisen auf fremde Internetseiten (&#8222;Links&#8220;), die au\u00dferhalb des Verantwortungsbereichs des Autors liegen, \u00fcbernimmt dieser keine Haftung.<\/p>\r\n<p><strong>Fotografie und Vektorgrafiken:<\/strong><br \/>\r\n Gudrun Georges<br \/>\r\n 524 East 11th Street #1B<br \/>\r\n New York, NY 10009<\/p>\r\n<p>Wolf Sondermann<br \/>\r\n Buchenstr. 58<br \/>\r\n 42283 Wuppertal<\/p>\r\n<p>Fotolia LLC<br \/>\r\n 345 Park Ave<br \/>\r\n San Jose<br \/>\r\n CA 95110, USA<\/p>\r\n<p><br \/>\r\n \u00a9ESC Utility Services Pvt. Ltd., SBC 2310, Yamuna Tower, Technopark Phase 3 campus, Trivandrum, Keala, 695583 India<\/p>","protected":false},"excerpt":{"rendered":"<p>ESC Utility Services Pvt. Ltd. Module 2605, 6th Floor, Yamuna Tower, Technopark phase III campus, Trivandrum 695583, Kerala, Indien. Telefon: +91 471 40660 71 E-Mail: info@esc-ind.com Hauptsitz: ISI Consulting Group GmbH Goltsteinstra\u00dfe 30-31 40211 D\u00fcsseldorf \u00a0 Telefon: 02 11 \/ 9 46 84 13-0 Telefax: 02 11 \/ 9 46 84 13-13 E-Mail: info@isi-cg.com Gesch\u00e4ftsf\u00fchrung: [&hellip;]<\/p>\n","protected":false},"author":1,"featured_media":0,"parent":0,"menu_order":0,"comment_status":"closed","ping_status":"closed","template":"template-innerpage.php","meta":{"footnotes":""},"class_list":["post-400","page","type-page","status-publish","hentry"],"_links":{"self":[{"href":"https:\/\/esc-ind.com\/de\/wp-json\/wp\/v2\/pages\/400","targetHints":{"allow":["GET"]}}],"collection":[{"href":"https:\/\/esc-ind.com\/de\/wp-json\/wp\/v2\/pages"}],"about":[{"href":"https:\/\/esc-ind.com\/de\/wp-json\/wp\/v2\/types\/page"}],"author":[{"embeddable":true,"href":"https:\/\/esc-ind.com\/de\/wp-json\/wp\/v2\/users\/1"}],"replies":[{"embeddable":true,"href":"https:\/\/esc-ind.com\/de\/wp-json\/wp\/v2\/comments?post=400"}],"version-history":[{"count":19,"href":"https:\/\/esc-ind.com\/de\/wp-json\/wp\/v2\/pages\/400\/revisions"}],"predecessor-version":[{"id":1359,"href":"https:\/\/esc-ind.com\/de\/wp-json\/wp\/v2\/pages\/400\/revisions\/1359"}],"wp:attachment":[{"href":"https:\/\/esc-ind.com\/de\/wp-json\/wp\/v2\/media?parent=400"}],"curies":[{"name":"wp","href":"https:\/\/api.w.org\/{rel}","templated":true}]}}