{"id":390,"date":"2017-07-06T20:55:14","date_gmt":"2017-07-06T20:55:14","guid":{"rendered":"http:\/\/esc-ind.com\/?page_id=390"},"modified":"2019-01-10T14:23:23","modified_gmt":"2019-01-10T08:53:23","slug":"customers","status":"publish","type":"page","link":"https:\/\/esc-ind.com\/de\/services\/customers\/","title":{"rendered":"Kunden"},"content":{"rendered":"<p>Seit vielen Jahren unterst\u00fctzen wir Unternehmen aus der Energiewirtschaft in Deutschland:<\/p>\r\n<ul>\r\n\t<li>Stadtwerke<\/li>\r\n\t<li>Abrechnungsdienstleister<\/li>\r\n\t<li>Dienstleistungsanbieter im Bereich intelligent Mess-Systeme (iMSys), moderne Messgeraete (mM)<\/li>\r\n\t<li>Netzbetreiber<\/li>\r\n\t<li>Vertriebs- und Marketing-Unternehmen<\/li>\r\n<\/ul>\r\n<p>sowie<\/p>\r\n<ul>\r\n\t<li>Beratungsunternehmen<\/li>\r\n\t<li>Wirtschaftspr\u00fcfungsgesellschaften<\/li>\r\n\t<li>Hochschulen<\/li>\r\n<\/ul>\r\n<p>&nbsp;<\/p>\r\n<p>Derzeit sind wir Partner unserer Konzernunternehmen, um IT-gest\u00fctzte Business Process Outsourcing-Aktivit\u00e4ten von deren Kunden abzuwickeln. Bei Interesse wenden Sie sich bitte an unsere Schwestergesellschaft in Deutschland <a href=\"https:\/\/www.energy-sc.de\/\" target=\"_blank\" rel=\"noopener\">ESC Energy Systems Consulting GmbH<\/a>.<\/p>\r\n<p>Unser Team f\u00fcr Marktforschung und Datenerfassung betreut unserer Schwesterunternehmen bei Spezialprodukten wie etwa der \u201e<a href=\"https:\/\/www.stadtwerke-ssl.de\/isiGips\/Gips?SessionMandant=ISI&amp;Anwendung=CMSFormularPage&amp;Methode=ShowHTMLAusgabe&amp;RessourceID=21731&amp;SessionMandant=ISI\" target=\"_blank\" rel=\"noopener\">Entgeltdatenbank MSB\u201c<\/a>. Bei Interesse wenden Sie sich bitte an unsere Schwestergesellschaft in Deutschland<a href=\"http:\/\/isi-mc.de\/\" target=\"_blank\" rel=\"noopener\"> ISI Management Consulting GmbH<\/a>.<\/p>","protected":false},"excerpt":{"rendered":"<p>Seit vielen Jahren unterst\u00fctzen wir Unternehmen aus der Energiewirtschaft in Deutschland: Stadtwerke Abrechnungsdienstleister Dienstleistungsanbieter im Bereich intelligent Mess-Systeme (iMSys), moderne Messgeraete (mM) Netzbetreiber Vertriebs- und Marketing-Unternehmen sowie Beratungsunternehmen Wirtschaftspr\u00fcfungsgesellschaften Hochschulen &nbsp; Derzeit sind wir Partner unserer Konzernunternehmen, um IT-gest\u00fctzte Business Process Outsourcing-Aktivit\u00e4ten von deren Kunden abzuwickeln. Bei Interesse wenden Sie sich bitte an unsere Schwestergesellschaft [&hellip;]<\/p>\n","protected":false},"author":1,"featured_media":521,"parent":573,"menu_order":0,"comment_status":"closed","ping_status":"closed","template":"template-innerpage.php","meta":{"footnotes":""},"class_list":["post-390","page","type-page","status-publish","has-post-thumbnail","hentry"],"_links":{"self":[{"href":"https:\/\/esc-ind.com\/de\/wp-json\/wp\/v2\/pages\/390","targetHints":{"allow":["GET"]}}],"collection":[{"href":"https:\/\/esc-ind.com\/de\/wp-json\/wp\/v2\/pages"}],"about":[{"href":"https:\/\/esc-ind.com\/de\/wp-json\/wp\/v2\/types\/page"}],"author":[{"embeddable":true,"href":"https:\/\/esc-ind.com\/de\/wp-json\/wp\/v2\/users\/1"}],"replies":[{"embeddable":true,"href":"https:\/\/esc-ind.com\/de\/wp-json\/wp\/v2\/comments?post=390"}],"version-history":[{"count":34,"href":"https:\/\/esc-ind.com\/de\/wp-json\/wp\/v2\/pages\/390\/revisions"}],"predecessor-version":[{"id":1245,"href":"https:\/\/esc-ind.com\/de\/wp-json\/wp\/v2\/pages\/390\/revisions\/1245"}],"up":[{"embeddable":true,"href":"https:\/\/esc-ind.com\/de\/wp-json\/wp\/v2\/pages\/573"}],"wp:featuredmedia":[{"embeddable":true,"href":"https:\/\/esc-ind.com\/de\/wp-json\/wp\/v2\/media\/521"}],"wp:attachment":[{"href":"https:\/\/esc-ind.com\/de\/wp-json\/wp\/v2\/media?parent=390"}],"curies":[{"name":"wp","href":"https:\/\/api.w.org\/{rel}","templated":true}]}}