{"id":372,"date":"2017-07-06T20:14:17","date_gmt":"2017-07-06T20:14:17","guid":{"rendered":"http:\/\/esc-ind.com\/?page_id=372"},"modified":"2019-01-10T14:34:26","modified_gmt":"2019-01-10T09:04:26","slug":"location","status":"publish","type":"page","link":"https:\/\/esc-ind.com\/de\/organization\/location\/","title":{"rendered":"Standorte"},"content":{"rendered":"<p>ESC Utility Services Pvt. Ltd. ist die hundertprozentige Tochtergesellschaft der ISI Consulting Group GmbH mit den Schwesterunternehmen, ISI Management Consulting GmbH und Energy Systems Consulting GmbH. Wir haben Kunden und Partner in ganz Deutschland und der Schweiz.<\/p>\r\n<p>Unser B\u00fcro befindet sich in einem der gr\u00f6\u00dften und gr\u00fcnsten Technologieparks in Trivandrum, Indien, und wir sind direkt mit unserem Hauptsitz in D\u00fcsseldorf, Deutschland, verbunden. Daneben unterhalten wir zus\u00e4tzliche Standorte in Berlin, Stuttgart, Bochum sowie St. Gallen, Schweiz.<\/p>\r\n<p>Wo Sie uns genau finden, erfahren Sie hier: <a href=\"https:\/\/esc-ind.com\/de\/contact\/premises\/\">Indien<\/a> \u2194 <a href=\"https:\/\/isi-cg.com\/standort\/\">Globale Standorte<\/a><\/p>\r\n<p style=\"padding-left: 30px;\">\u00a0 <img loading=\"lazy\" decoding=\"async\" class=\"wp-image-740  alignnone\" src=\"http:\/\/esc-ind.com\/wp-content\/uploads\/2017\/07\/ESC-Office-2-150x150.jpg\" alt=\"\" width=\"150\" height=\"150\" \/> \u00a0<img loading=\"lazy\" decoding=\"async\" class=\"alignnone wp-image-763 size-thumbnail\" src=\"http:\/\/esc-ind.com\/wp-content\/uploads\/2017\/08\/TP-image-150x150.jpg\" alt=\"\" width=\"150\" height=\"150\" \/> <img loading=\"lazy\" decoding=\"async\" class=\"alignnone wp-image-795 size-thumbnail\" src=\"http:\/\/esc-ind.com\/wp-content\/uploads\/2017\/08\/Location-1-150x150.jpg\" alt=\"\" width=\"150\" height=\"150\" \/> <img loading=\"lazy\" decoding=\"async\" class=\"alignnone wp-image-794 size-full\" src=\"http:\/\/esc-ind.com\/wp-content\/uploads\/2017\/08\/location-2-e1502255626284.jpg\" alt=\"\" width=\"150\" height=\"150\" \/> <img loading=\"lazy\" decoding=\"async\" class=\"alignnone wp-image-799 size-thumbnail\" src=\"http:\/\/esc-ind.com\/wp-content\/uploads\/2017\/07\/location-2-150x150.jpg\" alt=\"\" width=\"150\" height=\"150\" \/> <img loading=\"lazy\" decoding=\"async\" class=\"alignnone wp-image-752 size-thumbnail\" src=\"http:\/\/esc-ind.com\/wp-content\/uploads\/2017\/07\/ISI-office-150x150.jpg\" alt=\"\" width=\"150\" height=\"150\" \/><\/p>","protected":false},"excerpt":{"rendered":"<p>ESC Utility Services Pvt. Ltd. ist die hundertprozentige Tochtergesellschaft der ISI Consulting Group GmbH mit den Schwesterunternehmen, ISI Management Consulting GmbH und Energy Systems Consulting GmbH. Wir haben Kunden und Partner in ganz Deutschland und der Schweiz. Unser B\u00fcro befindet sich in einem der gr\u00f6\u00dften und gr\u00fcnsten Technologieparks in Trivandrum, Indien, und wir sind direkt [&hellip;]<\/p>\n","protected":false},"author":1,"featured_media":514,"parent":576,"menu_order":0,"comment_status":"closed","ping_status":"closed","template":"template-innerpage.php","meta":{"footnotes":""},"class_list":["post-372","page","type-page","status-publish","has-post-thumbnail","hentry"],"_links":{"self":[{"href":"https:\/\/esc-ind.com\/de\/wp-json\/wp\/v2\/pages\/372","targetHints":{"allow":["GET"]}}],"collection":[{"href":"https:\/\/esc-ind.com\/de\/wp-json\/wp\/v2\/pages"}],"about":[{"href":"https:\/\/esc-ind.com\/de\/wp-json\/wp\/v2\/types\/page"}],"author":[{"embeddable":true,"href":"https:\/\/esc-ind.com\/de\/wp-json\/wp\/v2\/users\/1"}],"replies":[{"embeddable":true,"href":"https:\/\/esc-ind.com\/de\/wp-json\/wp\/v2\/comments?post=372"}],"version-history":[{"count":35,"href":"https:\/\/esc-ind.com\/de\/wp-json\/wp\/v2\/pages\/372\/revisions"}],"predecessor-version":[{"id":1247,"href":"https:\/\/esc-ind.com\/de\/wp-json\/wp\/v2\/pages\/372\/revisions\/1247"}],"up":[{"embeddable":true,"href":"https:\/\/esc-ind.com\/de\/wp-json\/wp\/v2\/pages\/576"}],"wp:featuredmedia":[{"embeddable":true,"href":"https:\/\/esc-ind.com\/de\/wp-json\/wp\/v2\/media\/514"}],"wp:attachment":[{"href":"https:\/\/esc-ind.com\/de\/wp-json\/wp\/v2\/media?parent=372"}],"curies":[{"name":"wp","href":"https:\/\/api.w.org\/{rel}","templated":true}]}}