{"id":367,"date":"2017-07-06T20:12:17","date_gmt":"2017-07-06T20:12:17","guid":{"rendered":"http:\/\/esc-ind.com\/?page_id=367"},"modified":"2018-02-16T17:01:08","modified_gmt":"2018-02-16T11:31:08","slug":"workingwithus","status":"publish","type":"page","link":"https:\/\/esc-ind.com\/de\/careers\/workingwithus\/","title":{"rendered":"Arbeiten bei ESC"},"content":{"rendered":"<p><strong>Sie interessieren sich f\u00fcr eine T\u00e4tigkeit bei ESC Energy Systems Consulting GmbH?<br \/>\r\n Sie denken dar\u00fcber nach, uns zu unterst\u00fctzen?<br \/>\r\n Und m\u00f6chten mehr \u00fcber uns erfahren?<\/strong><\/p>\r\n<p>Wir versuchen, diese Fragen in den folgenden Zeilen zu beantworten. W\u00fcnschen Sie weitere Informationen, k\u00f6nnen Sie eine E-Mail an unsere Personalabteilung senden. Klicken Sie dazu einfach <a href=\"mailto:hr@esc-ind.com\" target=\"_blank\" rel=\"noopener\">hier<\/a><\/p>","protected":false},"excerpt":{"rendered":"<p>Sie interessieren sich f\u00fcr eine T\u00e4tigkeit bei ESC Energy Systems Consulting GmbH? Sie denken dar\u00fcber nach, uns zu unterst\u00fctzen? Und m\u00f6chten mehr \u00fcber uns erfahren? Wir versuchen, diese Fragen in den folgenden Zeilen zu beantworten. W\u00fcnschen Sie weitere Informationen, k\u00f6nnen Sie eine E-Mail an unsere Personalabteilung senden. Klicken Sie dazu einfach hier<\/p>\n","protected":false},"author":1,"featured_media":881,"parent":640,"menu_order":0,"comment_status":"closed","ping_status":"closed","template":"template-innerpage.php","meta":{"footnotes":""},"class_list":["post-367","page","type-page","status-publish","has-post-thumbnail","hentry"],"_links":{"self":[{"href":"https:\/\/esc-ind.com\/de\/wp-json\/wp\/v2\/pages\/367","targetHints":{"allow":["GET"]}}],"collection":[{"href":"https:\/\/esc-ind.com\/de\/wp-json\/wp\/v2\/pages"}],"about":[{"href":"https:\/\/esc-ind.com\/de\/wp-json\/wp\/v2\/types\/page"}],"author":[{"embeddable":true,"href":"https:\/\/esc-ind.com\/de\/wp-json\/wp\/v2\/users\/1"}],"replies":[{"embeddable":true,"href":"https:\/\/esc-ind.com\/de\/wp-json\/wp\/v2\/comments?post=367"}],"version-history":[{"count":38,"href":"https:\/\/esc-ind.com\/de\/wp-json\/wp\/v2\/pages\/367\/revisions"}],"predecessor-version":[{"id":1159,"href":"https:\/\/esc-ind.com\/de\/wp-json\/wp\/v2\/pages\/367\/revisions\/1159"}],"up":[{"embeddable":true,"href":"https:\/\/esc-ind.com\/de\/wp-json\/wp\/v2\/pages\/640"}],"wp:featuredmedia":[{"embeddable":true,"href":"https:\/\/esc-ind.com\/de\/wp-json\/wp\/v2\/media\/881"}],"wp:attachment":[{"href":"https:\/\/esc-ind.com\/de\/wp-json\/wp\/v2\/media?parent=367"}],"curies":[{"name":"wp","href":"https:\/\/api.w.org\/{rel}","templated":true}]}}