{"id":360,"date":"2017-07-06T20:03:21","date_gmt":"2017-07-06T20:03:21","guid":{"rendered":"http:\/\/esc-ind.com\/?page_id=360"},"modified":"2022-11-02T19:28:04","modified_gmt":"2022-11-02T13:58:04","slug":"serviceareas","status":"publish","type":"page","link":"https:\/\/esc-ind.com\/de\/services\/serviceareas\/","title":{"rendered":"Unsere Schwerpunkte"},"content":{"rendered":"<p><\/p>\n\n\n\n<p>Unser Support-und Management-Team verf\u00fcgt \u00fcber ausgezeichnete Erfahrungen in unseren Schwerpunktbereichen und in den von uns bedienten Branchen. Alle Mitglieder des Management-Teams sind in der IT-Branche und in der Energiebranche seit mehr als 25 Jahren t\u00e4tig.<\/p>\n\n\n\n<p>Schon bald nach Gr\u00fcndung des Unternehmens haben wir Gelegenheit gehabt, f\u00fcr Kunden in den folgenden Schwerpunkten zu arbeiten:<\/p>\n\n\n\n<ul class=\"wp-block-list\"><li>Business Process Management \/ Outsourcing (BPM \/ BPO) in SAP, Wilken sowie anderen Produkten<\/li><li>Robotic Process Automation (RPA)<\/li><li>Digitalisierung, vor allem von technischen Daten f\u00fcr das Asset Management<\/li><li>Marktforschung<\/li><li>Entwicklung von Anwendungen (Web, mobil)<\/li><li>Website-Entwicklung und Content-Management<\/li><\/ul>\n\n\n\n<p><\/p>\n\n\n\n<p>Weitere Informationen zu unseren Schwerpunkten und Referenzen erhalten Sie durch Anklicken der folgenden Links:<\/p>\n\n\n\n<p><\/p>","protected":false},"excerpt":{"rendered":"<p>Unser Support-und Management-Team verf\u00fcgt \u00fcber ausgezeichnete Erfahrungen in unseren Schwerpunktbereichen und in den von uns bedienten Branchen. Alle Mitglieder des Management-Teams sind in der IT-Branche und in der Energiebranche seit mehr als 25 Jahren t\u00e4tig. Schon bald nach Gr\u00fcndung des Unternehmens haben wir Gelegenheit gehabt, f\u00fcr Kunden in den folgenden Schwerpunkten zu arbeiten: Business Process [&hellip;]<\/p>\n","protected":false},"author":1,"featured_media":0,"parent":573,"menu_order":0,"comment_status":"closed","ping_status":"closed","template":"template-innerpage.php","meta":{"footnotes":""},"class_list":["post-360","page","type-page","status-publish","hentry"],"_links":{"self":[{"href":"https:\/\/esc-ind.com\/de\/wp-json\/wp\/v2\/pages\/360","targetHints":{"allow":["GET"]}}],"collection":[{"href":"https:\/\/esc-ind.com\/de\/wp-json\/wp\/v2\/pages"}],"about":[{"href":"https:\/\/esc-ind.com\/de\/wp-json\/wp\/v2\/types\/page"}],"author":[{"embeddable":true,"href":"https:\/\/esc-ind.com\/de\/wp-json\/wp\/v2\/users\/1"}],"replies":[{"embeddable":true,"href":"https:\/\/esc-ind.com\/de\/wp-json\/wp\/v2\/comments?post=360"}],"version-history":[{"count":96,"href":"https:\/\/esc-ind.com\/de\/wp-json\/wp\/v2\/pages\/360\/revisions"}],"predecessor-version":[{"id":1333,"href":"https:\/\/esc-ind.com\/de\/wp-json\/wp\/v2\/pages\/360\/revisions\/1333"}],"up":[{"embeddable":true,"href":"https:\/\/esc-ind.com\/de\/wp-json\/wp\/v2\/pages\/573"}],"wp:attachment":[{"href":"https:\/\/esc-ind.com\/de\/wp-json\/wp\/v2\/media?parent=360"}],"curies":[{"name":"wp","href":"https:\/\/api.w.org\/{rel}","templated":true}]}}