{"id":358,"date":"2017-07-06T20:02:27","date_gmt":"2017-07-06T20:02:27","guid":{"rendered":"http:\/\/esc-ind.com\/?page_id=358"},"modified":"2018-02-16T16:36:45","modified_gmt":"2018-02-16T11:06:45","slug":"quality","status":"publish","type":"page","link":"https:\/\/esc-ind.com\/de\/services\/quality\/","title":{"rendered":"Qualit\u00e4tssicherung"},"content":{"rendered":"<p>ESC Utility Services Pvt. Ltd. und deren Konzernunternehmen bewertet die von uns gelieferten Supportleistungen mithilfe vielf\u00e4ltiger Qualit\u00e4tssicherungsinstrumente. Neben der sehr hohen Arbeitsqualit\u00e4t z\u00e4hlen wir auch eine gezielte F\u00fchrungsqualit\u00e4t dazu. Motivierte und teamorientierte Mitarbeiter tragen ebenfalls zu einer hohen Qualit\u00e4t der Kundenbeziehungen bei.<\/p>\r\n<p><img loading=\"lazy\" decoding=\"async\" class=\"wp-image-706 size-medium alignleft\" src=\"http:\/\/esc-ind.com\/wp-content\/uploads\/2017\/07\/ESC-ISMS-policy-e1501758306645-236x300.jpg\" alt=\"\" width=\"236\" height=\"300\" srcset=\"https:\/\/esc-ind.com\/wp-content\/uploads\/2017\/07\/ESC-ISMS-policy-e1501758306645-236x300.jpg 236w, https:\/\/esc-ind.com\/wp-content\/uploads\/2017\/07\/ESC-ISMS-policy-e1501758306645.jpg 761w\" sizes=\"auto, (max-width: 236px) 100vw, 236px\" \/> <img loading=\"lazy\" decoding=\"async\" class=\"wp-image-707 size-medium alignleft\" src=\"http:\/\/esc-ind.com\/wp-content\/uploads\/2017\/07\/ESC-Quality-policy-e1501758177352-236x300.jpg\" alt=\"\" width=\"236\" height=\"300\" srcset=\"https:\/\/esc-ind.com\/wp-content\/uploads\/2017\/07\/ESC-Quality-policy-e1501758177352-236x300.jpg 236w, https:\/\/esc-ind.com\/wp-content\/uploads\/2017\/07\/ESC-Quality-policy-e1501758177352.jpg 761w\" sizes=\"auto, (max-width: 236px) 100vw, 236px\" \/><\/p>","protected":false},"excerpt":{"rendered":"<p>ESC Utility Services Pvt. Ltd. und deren Konzernunternehmen bewertet die von uns gelieferten Supportleistungen mithilfe vielf\u00e4ltiger Qualit\u00e4tssicherungsinstrumente. Neben der sehr hohen Arbeitsqualit\u00e4t z\u00e4hlen wir auch eine gezielte F\u00fchrungsqualit\u00e4t dazu. Motivierte und teamorientierte Mitarbeiter tragen ebenfalls zu einer hohen Qualit\u00e4t der Kundenbeziehungen bei.<\/p>\n","protected":false},"author":1,"featured_media":975,"parent":573,"menu_order":0,"comment_status":"closed","ping_status":"closed","template":"template-innerpage.php","meta":{"footnotes":""},"class_list":["post-358","page","type-page","status-publish","has-post-thumbnail","hentry"],"_links":{"self":[{"href":"https:\/\/esc-ind.com\/de\/wp-json\/wp\/v2\/pages\/358","targetHints":{"allow":["GET"]}}],"collection":[{"href":"https:\/\/esc-ind.com\/de\/wp-json\/wp\/v2\/pages"}],"about":[{"href":"https:\/\/esc-ind.com\/de\/wp-json\/wp\/v2\/types\/page"}],"author":[{"embeddable":true,"href":"https:\/\/esc-ind.com\/de\/wp-json\/wp\/v2\/users\/1"}],"replies":[{"embeddable":true,"href":"https:\/\/esc-ind.com\/de\/wp-json\/wp\/v2\/comments?post=358"}],"version-history":[{"count":23,"href":"https:\/\/esc-ind.com\/de\/wp-json\/wp\/v2\/pages\/358\/revisions"}],"predecessor-version":[{"id":1149,"href":"https:\/\/esc-ind.com\/de\/wp-json\/wp\/v2\/pages\/358\/revisions\/1149"}],"up":[{"embeddable":true,"href":"https:\/\/esc-ind.com\/de\/wp-json\/wp\/v2\/pages\/573"}],"wp:featuredmedia":[{"embeddable":true,"href":"https:\/\/esc-ind.com\/de\/wp-json\/wp\/v2\/media\/975"}],"wp:attachment":[{"href":"https:\/\/esc-ind.com\/de\/wp-json\/wp\/v2\/media?parent=358"}],"curies":[{"name":"wp","href":"https:\/\/api.w.org\/{rel}","templated":true}]}}